{"id":17,"date":"2012-09-11T16:48:34","date_gmt":"2012-09-11T14:48:34","guid":{"rendered":"http:\/\/kremstalvolley.com\/\/?page_id=17"},"modified":"2013-01-05T13:10:23","modified_gmt":"2013-01-05T11:10:23","slug":"beachvolleyball","status":"publish","type":"page","link":"https:\/\/www.kremstalvolley.com\/?page_id=17","title":{"rendered":"Beachvolleyball"},"content":{"rendered":"<h1 style=\"text-align: justify;\">Beachvolleyball im Kremstal<\/h1>\n<p style=\"text-align: justify;\">Nach einer anstrengenden Hallensaison sind die Kremstalvolleys nat\u00fcrlich am Sand. Buchst\u00e4blich. Ab April wird auf den Beachpl\u00e4tzen in Kremsm\u00fcnster bzw. Kematen an der Krems mehrmals w\u00f6chentlich trainiert sowie das eine oder andere Turnier veranstaltet. Zu erw\u00e4hnen ist hier vor allem die &#8222;Kematener Beach Series&#8220;, eine Reihe von C-Cups, welche bereits ein fixer Bestandteil des \u00d6VV Beachvolleyball Kalenders sind. Die KremstalVolleys engagieren sich dabei auch f\u00fcr den Volleyballsport im Allgemeinen &#8211; so wurden bereits des \u00f6fteren Kremsm\u00fcnsterer Beachvolleyball Ortsmeisterschaften ausgetragen, sowie im Rahmen der Kematener Ferienaktionen Kindern diesen spannenden Sport n\u00e4herzubringen.<\/p>\n<figure id=\"attachment_577\" aria-describedby=\"caption-attachment-577\" style=\"width: 300px\" class=\"wp-caption aligncenter\"><a href=\"http:\/\/kremstalvolley.com\/\/wp-content\/uploads\/2012\/11\/Kematen.jpg\"><img loading=\"lazy\" decoding=\"async\" class=\"size-medium wp-image-577\" title=\"Kematen\" src=\"http:\/\/kremstalvolley.com\/\/wp-content\/uploads\/2012\/11\/Kematen-300x200.jpg\" alt=\"\" width=\"300\" height=\"200\" srcset=\"https:\/\/www.kremstalvolley.com\/wp-content\/uploads\/2013\/2012\/11\/Kematen-300x200.jpg 300w, https:\/\/www.kremstalvolley.com\/wp-content\/uploads\/2013\/2012\/11\/Kematen-450x300.jpg 450w, https:\/\/www.kremstalvolley.com\/wp-content\/uploads\/2013\/2012\/11\/Kematen.jpg 720w\" sizes=\"auto, (max-width: 300px) 100vw, 300px\" \/><\/a><figcaption id=\"caption-attachment-577\" class=\"wp-caption-text\">Big Point am Beachvolleyballplatz Kematen<\/figcaption><\/figure>\n<p style=\"text-align: justify;\">In Kremsm\u00fcnster fand zudem bereits zweimal die &#8222;Beach Exhibition&#8220; des \u00f6sterreichischen Top-Duos Eglseer-Koraimann statt. Peter Eglseer, fr\u00fcherer Kremstalvolley-Spieler k\u00e4mpfte hier mit seinem Partner Felix Koraimann gegen andere Gr\u00f6\u00dfen des \u00f6sterreichischen Beachvolleyballs &#8211; mit spannenden Ballwechseln, viel Musik und einem begeisterten Publikum.<\/p>\n<figure id=\"attachment_563\" aria-describedby=\"caption-attachment-563\" style=\"width: 300px\" class=\"wp-caption aligncenter\"><a href=\"http:\/\/kremstalvolley.com\/\/wp-content\/uploads\/2012\/09\/beachnight.jpg\"><img loading=\"lazy\" decoding=\"async\" class=\"size-medium wp-image-563\" title=\"Beachnight Kremsm\u00fcnster 2012\" src=\"http:\/\/kremstalvolley.com\/\/wp-content\/uploads\/2012\/09\/beachnight-300x199.jpg\" alt=\"\" width=\"300\" height=\"199\" srcset=\"https:\/\/www.kremstalvolley.com\/wp-content\/uploads\/2013\/2012\/09\/beachnight-300x199.jpg 300w, https:\/\/www.kremstalvolley.com\/wp-content\/uploads\/2013\/2012\/09\/beachnight-450x300.jpg 450w, https:\/\/www.kremstalvolley.com\/wp-content\/uploads\/2013\/2012\/09\/beachnight.jpg 960w\" sizes=\"auto, (max-width: 300px) 100vw, 300px\" \/><\/a><figcaption id=\"caption-attachment-563\" class=\"wp-caption-text\">Peter Eglseer am Block bei der Kremsm\u00fcnsterer Beachnight 2012.<\/figcaption><\/figure>\n","protected":false},"excerpt":{"rendered":"<p>Beachvolleyball im Kremstal Nach einer anstrengenden Hallensaison sind die Kremstalvolleys nat\u00fcrlich am Sand. Buchst\u00e4blich. Ab April wird auf den Beachpl\u00e4tzen in Kremsm\u00fcnster bzw. Kematen an der Krems mehrmals w\u00f6chentlich trainiert sowie das eine oder andere Turnier veranstaltet. Zu erw\u00e4hnen ist hier vor allem die &#8222;Kematener Beach Series&#8220;, eine Reihe von C-Cups, welche bereits ein fixer &hellip; <\/p>\n<p class=\"link-more\"><a href=\"https:\/\/www.kremstalvolley.com\/?page_id=17\" class=\"more-link\"><span class=\"screen-reader-text\">\u201eBeachvolleyball\u201c <\/span>weiterlesen<\/a><\/p>\n","protected":false},"author":1,"featured_media":0,"parent":0,"menu_order":4,"comment_status":"closed","ping_status":"closed","template":"sidebar-page.php","meta":{"ngg_post_thumbnail":0,"footnotes":""},"class_list":["post-17","page","type-page","status-publish","hentry"],"_links":{"self":[{"href":"https:\/\/www.kremstalvolley.com\/index.php?rest_route=\/wp\/v2\/pages\/17","targetHints":{"allow":["GET"]}}],"collection":[{"href":"https:\/\/www.kremstalvolley.com\/index.php?rest_route=\/wp\/v2\/pages"}],"about":[{"href":"https:\/\/www.kremstalvolley.com\/index.php?rest_route=\/wp\/v2\/types\/page"}],"author":[{"embeddable":true,"href":"https:\/\/www.kremstalvolley.com\/index.php?rest_route=\/wp\/v2\/users\/1"}],"replies":[{"embeddable":true,"href":"https:\/\/www.kremstalvolley.com\/index.php?rest_route=%2Fwp%2Fv2%2Fcomments&post=17"}],"version-history":[{"count":17,"href":"https:\/\/www.kremstalvolley.com\/index.php?rest_route=\/wp\/v2\/pages\/17\/revisions"}],"predecessor-version":[{"id":5341,"href":"https:\/\/www.kremstalvolley.com\/index.php?rest_route=\/wp\/v2\/pages\/17\/revisions\/5341"}],"wp:attachment":[{"href":"https:\/\/www.kremstalvolley.com\/index.php?rest_route=%2Fwp%2Fv2%2Fmedia&parent=17"}],"curies":[{"name":"wp","href":"https:\/\/api.w.org\/{rel}","templated":true}]}}