{"id":4266,"date":"2021-06-15T08:39:10","date_gmt":"2021-06-15T06:39:10","guid":{"rendered":"https:\/\/www.kremstalvolley.com\/?page_id=4266"},"modified":"2021-07-11T07:55:04","modified_gmt":"2021-07-11T05:55:04","slug":"u14-beach-turnier-am-10-juli-2021","status":"publish","type":"page","link":"https:\/\/www.kremstalvolley.com\/?page_id=4266","title":{"rendered":"U14 Beach Turnier am 10. Juli 2021"},"content":{"rendered":"\n<p><strong>Update vom 10.7.2021<\/strong>:  Ergebniss<\/p>\n\n\n\n<p><strong>Gruppe Pro:<\/strong> <\/p>\n\n\n\n<ol class=\"wp-block-list\"><li>Felix Amatschek \/ Ferdinand Hofwimmer<\/li><li>Tamara Klasz \/ Vicky Grgic<\/li><li>Paul Ranneth \/ Moritz Wimberger<\/li><li>Anja Zwicklhuber \/ Gini Reifinger<\/li><li>Valentin Lugmayr \/ Samuel Moser<\/li><\/ol>\n\n\n\n<p><strong>Gruppe B:<\/strong><\/p>\n\n\n\n<ol class=\"wp-block-list\"><li>Samuel Gamperling \/ Lucas Weiss<\/li><li>Sophie K\u00f6nigsgruber \/ Tanja Mitterndorfer<\/li><li>Jeremias Zwicklhuber \/ Raphael Gruber<\/li><li>Maria Sonnleitner \/ Pia Eggendorfer<\/li><li>Ritter\/Gruber\/Horny\/Sch\u00f6ttl<\/li><\/ol>\n\n\n\n<p>Bilder vom Turnier findet ihr in der Galerie!<\/p>\n\n\n\n<p>Hier findet ihr die Infos zum U14 Beach Turnier in Kremsm\u00fcnster:<\/p>\n\n\n\n<ul class=\"wp-block-list\"><li>Datum &#8211; Uhrzeit: 10. Juli 2021 Anpfiff: 10h<\/li><li>Jahrg\u00e4nge: 2008 und J\u00fcnger<\/li><li>Modus: Je nach Teilnehmeranzahl spielen wir ein Turnier f\u00fcr alle Teams oder auch aufgeteilt nach M\/W\/Mixed bzw. nach Leistungsklassen. Das wird am Tag vor dem Turnier bekannt gegeben<\/li><li>Anmeldung an : Beachplatz@gmx.at mit: Namen der Spieler\/Innen, Leistungsniveau: <strong>Anf\u00e4nger\/Fortgeschritten<\/strong>, Kontakt Betreuer: Tel.+Email<\/li><li>Max Team-Anzahl: 24 Teams auf 3 Courts (Siehe Grafik unten)<\/li><li>Anmeldegeb\u00fchr: 10,- pro Team: bei der Turnierleitung morgens abgeben bitte. <\/li><li>Lizenzen: keine Lizenz erforderlich! Das Turnier z\u00e4hlt nicht zu \u00d6VV Turnierserie<\/li><li>Regeln:<ul><li>2 vs.2 <\/li><li>Feldgr\u00f6\u00dfe: 6&#215;6 m<\/li><li>Netzh\u00f6he: 2,15 m<\/li><li>Im Beginners- Turnier ist die Annahme im Pritschen erlaubt. Der Ball darf dann aber nicht direkt \u00fcber das Netz gespielt werden. Im Pro-Raster gelten die \u00fcblichen Beach-Regeln: z.b darf der Ball nicht \u00fcber das Netz gepritscht werden (au\u00dfer in Achse und technisch sehr sauber)<\/li><\/ul><\/li><li>Bei <strong>Schlechtwetter <\/strong>wird das Turnier ggf. kurzfristig abgesagt oder verschoben. Bitte informiert euch noch am Abend vor der Veranstaltung und am Morgen des Turnieres \u00fcber die Homepage bzw. direkt bei mir: 0664 88430594. Bitte entsprechende Kleidung mitnehmen! \u00dcberdachte Pl\u00e4tze, Zelt usw. f\u00fcr die Utensilien haben wir ausreichend in der N\u00e4he. Duschen stehen auch zur Verf\u00fcgung.<\/li><li>Bitte auch Badesachen mitnehmen: sollte es hei\u00df werden, k\u00f6nnen wir das Stiftsbad zur Abk\u00fchlung nutzen.<\/li><\/ul>\n\n\n\n<p><strong>Corona-Pr\u00e4ventionsma\u00dfnahmen: <\/strong><\/p>\n\n\n\n<ul class=\"wp-block-list\"><li><strong><span class=\"has-inline-color has-vivid-red-color\">Es gelten die aktuellen Bestimmungen der Corona Verordnung. <\/span><\/strong><\/li><li><strong>3G Regel:<\/strong> Getestet, Genesen oder Geimpft.<\/li><li>Das Corona Pr\u00e4ventionskonzept ist in der aktuellen Fassung immer auf der Homepage www.kremstalvolley.com abrufbar<\/li><li>Bei Begr\u00fc\u00dfung und generell ist auf K\u00f6rperkontakt zwischen den Teams zu verzichten: Abklatschen, &#8222;High 5&#8220; etc. <\/li><li>Jeder\/e MUSS ein <strong>eigenes Pfeiferl<\/strong> mitnehmen!<\/li><li>Masken oder Mund\/Nasenschutz bitte mitnehmen!<\/li><li><strong>Mindestabstand <\/strong>von 1m ist einzuhalten. <\/li><li>Zuseher sollten die Veranstaltung bitte meiden. Laut BSO sind bis zu 50 Teilnehmer inkl. Zuseher erlaubt. <strong>1m Mindestabstand<\/strong> ist verpflichtend. Die Zuseher m\u00fcssen sich in eine Anwesenheitsliste eintragen sowie ebenfalls die 3 G Regeln einhalten: Also bitte nur Trainer und Betreuer zur Veranstaltung kommen.<\/li><\/ul>\n\n\n\n<p><strong>Stand der Meldungen<\/strong>: (Finale Liste vom 9.7.2021)<\/p>\n\n\n\n<ul class=\"wp-block-list\"><li>Anja Zwicklhuber \/ Gini Reifinger &#8211; Kremstalvolley (Pro)<\/li><li>Tamara Klasz \/ Vicky Grgic &#8211; Kremstalvolley (Pro oder Beginners)<\/li><li>Sophie K\u00f6nigsgruber \/ Tanja Mitterndorfer &#8211; Kremstalvolley (Beginners)<\/li><li>Felix Amatschek \/ Ferdinand Hofwimmer &#8211; Kremstalvolley (Pro)<\/li><li>Ritter\/Gruber\/Horny\/Sch\u00f6ttl &#8211; Kremstalvolley (Beginners)<\/li><li>Valentin Lugmayr \/ Samuel Moser &#8211; Kremstalvolley (Pro)<\/li><li>Samuel Gamperling \/ Lucas Weiss  &#8211; ? (Pro)<\/li><li>Paul Ranneth \/ Moritz Wimberger &#8211; Beachvolleyball Perg (Pro)<\/li><li>Jeremias Zwicklhuber \/ Raphael Gruber &#8211; (Beginners)<\/li><li>Maria Sonnleitner \/ Pia Eggendorfer &#8211; (Beginners)<\/li><\/ul>\n\n\n\n<p><strong>Turnierraster<\/strong>: Pro und Beginners spielen jeweils eine 5&#8217;er Gruppe Jeder gegen Jeden.<br \/>Gespielt werden 2 S\u00e4tze bis 15 Punkte OHNE Entscheidungssatz. <br \/>Sieger ist das Team mit den meisten gewonnenen (1) Spielen, (2) S\u00e4tzen oder (3) Punkten.<\/p>\n\n\n\n<p><strong>Gruppe Pro: <\/strong><\/p>\n\n\n\n<figure class=\"wp-block-table\"><table><tbody><tr><td>Amatschek \/ Hofwimmer<\/td><\/tr><tr><td>Ranneth \/ Wimberger<\/td><\/tr><tr><td>Zwicklhuber A. \/ Reifinger<\/td><\/tr><tr><td>Lugmayr \/ Moser<\/td><\/tr><tr><td>Grgic \/Klasz<\/td><\/tr><\/tbody><\/table><\/figure>\n\n\n\n<p>Vorl. Spielreihenfolge: <\/p>\n\n\n\n<p><\/p>\n\n\n\n<p><\/p>\n\n\n\n<p>10:00h : Amatschek \/ Hofwimmer vs. Ranneth \/ Wimgerber  &#8211; Schiri: Zwicklhuber \/ Reifinger<br \/>10:30h:  Zwicklhuber \/ Reifinger &#8211; Lugmayr \/ Moser &#8211; Schiri: Amatschek \/ Hofwimmer<\/p>\n\n\n\n<p><strong>Gruppe Beginners:<\/strong><\/p>\n\n\n\n<figure class=\"wp-block-table\"><table><tbody><tr><td>K\u00f6nigsgruber \/ Mitterndorfer&nbsp;<\/td><\/tr><tr><td>Sonnleitner \/&nbsp; Eggendorfer<\/td><\/tr><tr><td>Gruber \/ Zwicklhuber J.<\/td><\/tr><tr><td>Ritter \/ Horny \/ Sch\u00f6ttl \/ Gruber<\/td><\/tr><tr><td>Gamperling \/ Weiss<\/td><\/tr><\/tbody><\/table><\/figure>\n\n\n\n<p>Vorl\u00e4ufige Spielreihenfolge: <\/p>\n\n\n\n<p>10:00h: K\u00f6nigsgruber \/ Mitterndorfer &#8211; Sonnleitner \/ Eggendorfer &#8211; Schiri: Gruber \/ Zwicklhuber<br \/>10:30 : Gruber \/ Zwicklhuber &#8211; Ritter \/ Horny \/ Sch\u00f6ttl \/ Gruber &#8211; Schiri K\u00f6nigsgruber \/ Mitterndorfer<\/p>\n\n\n\n<p>Bitte P\u00fcnktlich erscheinen. Es k\u00f6nnte sich am Plan noch kurzfristig etwas \u00e4ndern falls noch Teams dazu kommen, oder weg fallen. Der Spielplan ist auch online ersichtlich: <a href=\"https:\/\/www.dropbox.com\/s\/clb59weoz3f8j7p\/Spielplan.xlsx?dl=0\" target=\"_blank\" rel=\"noreferrer noopener\">https:\/\/www.dropbox.com\/s\/clb59weoz3f8j7p\/Spielplan.xlsx?dl=0<\/a> <\/p>\n\n\n\n<p><strong>Verpflegung<\/strong>: In der n\u00e4heren Umgebung gibt es Gasth\u00e4user (Stiftsschank) und Caffees (Galerie Caffee). Wir werden auch ein kleines Buffet bei der Turnierleitung aufstellen. 3G Regeln beachten!<\/p>\n\n\n\n<p><strong>Goodies\/ Preise: <\/strong><br \/>Jede(r) Spieler(in) erh\u00e4lt von der O\u00d6 Junior Tour ein Beach Shirt. Zahlreiche Sachpreise wie z.B. ein original Mikasa Beachvolleyball k\u00f6nnen auch noch gewonnen werden.  Nicht nur die Podestpl\u00e4tze!<\/p>\n\n\n\n<p><strong>Anreise und Parken:<\/strong><\/p>\n\n\n\n<p>Bitte nutzt den Parkplatz beim Stift. Die beiden haupt-Courts mit der Anmeldung sind rechts oben dargestellt. Der Side-Court im Freibad ist zu Fu\u00df erreichbar; ca. 10 min. Gehzeit. <\/p>\n\n\n\n<figure class=\"wp-block-image\"><img loading=\"lazy\" decoding=\"async\" width=\"800\" height=\"908\" src=\"http:\/\/kremstalvolley.com\/wp-content\/uploads\/2013\/2019\/07\/Wegbeschreibung.png\" alt=\"\" class=\"wp-image-2883\" srcset=\"https:\/\/www.kremstalvolley.com\/wp-content\/uploads\/2013\/2019\/07\/Wegbeschreibung.png 800w, https:\/\/www.kremstalvolley.com\/wp-content\/uploads\/2013\/2019\/07\/Wegbeschreibung-264x300.png 264w, https:\/\/www.kremstalvolley.com\/wp-content\/uploads\/2013\/2019\/07\/Wegbeschreibung-768x872.png 768w\" sizes=\"auto, (max-width: 767px) 89vw, (max-width: 1000px) 54vw, (max-width: 1071px) 543px, 580px\" \/><figcaption>Gr\u00fcner Kreis: Parkplatz Stift. Gr\u00fcner Rahmen oben: Center Court m\/w. Gr\u00fcn unten: Side Court Freibad<\/figcaption><\/figure>\n\n\n\n<p>Hast du noch Fragen? Rainer Zwicklhuber <strong>0664\/88430594<\/strong><\/p>\n\n\n\n<figure class=\"wp-block-image size-large\"><img loading=\"lazy\" decoding=\"async\" width=\"721\" height=\"1024\" src=\"https:\/\/www.kremstalvolley.com\/wp-content\/uploads\/2013\/2021\/06\/Junior-Beach-Flyer-721x1024.jpeg\" alt=\"\" class=\"wp-image-4267\" srcset=\"https:\/\/www.kremstalvolley.com\/wp-content\/uploads\/2013\/2021\/06\/Junior-Beach-Flyer-721x1024.jpeg 721w, https:\/\/www.kremstalvolley.com\/wp-content\/uploads\/2013\/2021\/06\/Junior-Beach-Flyer-211x300.jpeg 211w, https:\/\/www.kremstalvolley.com\/wp-content\/uploads\/2013\/2021\/06\/Junior-Beach-Flyer-768x1090.jpeg 768w, https:\/\/www.kremstalvolley.com\/wp-content\/uploads\/2013\/2021\/06\/Junior-Beach-Flyer-1082x1536.jpeg 1082w, https:\/\/www.kremstalvolley.com\/wp-content\/uploads\/2013\/2021\/06\/Junior-Beach-Flyer.jpeg 1127w\" sizes=\"auto, (max-width: 721px) 100vw, 721px\" \/><\/figure>\n\n\n\n<p><\/p>\n","protected":false},"excerpt":{"rendered":"<p>Update vom 10.7.2021: Ergebniss Gruppe Pro: Felix Amatschek \/ Ferdinand Hofwimmer Tamara Klasz \/ Vicky Grgic Paul Ranneth \/ Moritz Wimberger Anja Zwicklhuber \/ Gini Reifinger Valentin Lugmayr \/ Samuel Moser Gruppe B: Samuel Gamperling \/ Lucas Weiss Sophie K\u00f6nigsgruber \/ Tanja Mitterndorfer Jeremias Zwicklhuber \/ Raphael Gruber Maria Sonnleitner \/ Pia Eggendorfer Ritter\/Gruber\/Horny\/Sch\u00f6ttl Bilder &hellip; <\/p>\n<p class=\"link-more\"><a href=\"https:\/\/www.kremstalvolley.com\/?page_id=4266\" class=\"more-link\"><span class=\"screen-reader-text\">\u201eU14 Beach Turnier am 10. Juli 2021\u201c <\/span>weiterlesen<\/a><\/p>\n","protected":false},"author":1,"featured_media":0,"parent":0,"menu_order":0,"comment_status":"closed","ping_status":"closed","template":"","meta":{"ngg_post_thumbnail":0,"footnotes":""},"class_list":["post-4266","page","type-page","status-publish","hentry"],"_links":{"self":[{"href":"https:\/\/www.kremstalvolley.com\/index.php?rest_route=\/wp\/v2\/pages\/4266","targetHints":{"allow":["GET"]}}],"collection":[{"href":"https:\/\/www.kremstalvolley.com\/index.php?rest_route=\/wp\/v2\/pages"}],"about":[{"href":"https:\/\/www.kremstalvolley.com\/index.php?rest_route=\/wp\/v2\/types\/page"}],"author":[{"embeddable":true,"href":"https:\/\/www.kremstalvolley.com\/index.php?rest_route=\/wp\/v2\/users\/1"}],"replies":[{"embeddable":true,"href":"https:\/\/www.kremstalvolley.com\/index.php?rest_route=%2Fwp%2Fv2%2Fcomments&post=4266"}],"version-history":[{"count":24,"href":"https:\/\/www.kremstalvolley.com\/index.php?rest_route=\/wp\/v2\/pages\/4266\/revisions"}],"predecessor-version":[{"id":4380,"href":"https:\/\/www.kremstalvolley.com\/index.php?rest_route=\/wp\/v2\/pages\/4266\/revisions\/4380"}],"wp:attachment":[{"href":"https:\/\/www.kremstalvolley.com\/index.php?rest_route=%2Fwp%2Fv2%2Fmedia&parent=4266"}],"curies":[{"name":"wp","href":"https:\/\/api.w.org\/{rel}","templated":true}]}}