{"id":5325,"date":"2025-05-01T11:58:02","date_gmt":"2025-05-01T09:58:02","guid":{"rendered":"https:\/\/www.kremstalvolley.com\/?page_id=5325"},"modified":"2025-06-02T07:38:06","modified_gmt":"2025-06-02T05:38:06","slug":"pro-turnier-2025","status":"publish","type":"page","link":"https:\/\/www.kremstalvolley.com\/?page_id=5325","title":{"rendered":"Pro Turnier 2025 presented by LOGTICON"},"content":{"rendered":"\n<p>Update 28.5.25 12h: Qualifikation steht! Spielreihenfolge laut \u00d6VV Homepage! Vorsicht: wir ziehen durch, so schnell es geht. Sicherheitshalber etwas fr\u00fcher anwesend sein!<\/p>\n\n\n\n<p><a href=\"https:\/\/docs.google.com\/spreadsheets\/d\/1Vj-pwwGnY53YaI9e_D3lGQen4L0XjLZnD6TY-GryEmg\/edit?gid=1128332557#gid=1128332557\">https:\/\/docs.google.com\/spreadsheets\/d\/1Vj-pwwGnY53YaI9e_D3lGQen4L0XjLZnD6TY-GryEmg\/edit?gid=1128332557#gid=1128332557<\/a><\/p>\n\n\n\n<p><strong>Update 21.5.25 19h:<\/strong><\/p>\n\n\n\n<ul class=\"wp-block-list\">\n<li>Schiedsrichter in der Qualifikation durch die Spieler, im Main Draw durch \u00d6VV Schiedsrichter bzw. Aushilfsschiedsrichter gestellt vom Turnier <\/li>\n\n\n\n<li>Spielershirts gibt es ab 2. Tag Main Draw sprich Viertelfinale ( 8 Teams ) <\/li>\n\n\n\n<li>Dress Code Quali und Tag 1 Main Draw: einheitliche Hosen und Leibchen. (ggf. einheitlich Oberk\u00f6rper frei). Gegnerische Teams d\u00fcrfen nicht die selben Leibchen tragen.<\/li>\n\n\n\n<li>Ab dem Hauptbewerb werden beide Courts im Livestream \u00fcbertragen.<\/li>\n\n\n\n<li>Qualifikations-Info: nach bekanntwerden der Quali im MEVZA Innsbruck kann es sein, dass weitere &#8222;Lucky Looser&#8220; in den Hauptbewerb aufsteigen. Also Teams, die in der zweiten Quali Runde verloren haben. Dies wird am Donnerstag abend bekannt gegeben. Bitte die Tel. bei der Turnierleitung hinterlegen, damit wir euch direkt informieren k\u00f6nnen.<\/li>\n\n\n\n<li>2 Spielb\u00e4lle pro Court werden vom Veranstalter bereitgestellt.  <\/li>\n<\/ul>\n\n\n\n<p class=\"has-medium-font-size\"><mark style=\"background-color:rgba(0, 0, 0, 0)\" class=\"has-inline-color has-vivid-red-color\"><strong>******** Breaking News *******<\/strong><\/mark><\/p>\n\n\n\n<p><strong>#1: Food Court: <\/strong><a href=\"https:\/\/www.mcdaniels.rocks\/\" data-type=\"link\" data-id=\"https:\/\/www.mcdaniels.rocks\/\"><strong>Mc. Daniels <\/strong><\/a>wird uns mit Burger und anderen Speisen vor Ort versorgen.  <\/p>\n\n\n\n<p><strong>#2:<\/strong> <strong>Hotelpartner<\/strong>: Das <a href=\"https:\/\/www.schicklberg.at\/\"><strong>Landhotel Schicklberg<\/strong><\/a> bietet euch Sonderkonditionen f\u00fcr die \u00dcbernachtung an: 60,- inkl. Fr\u00fchst\u00fcck pro Person. Bitte anmelden direkt im Hotel unter +43-7583-5500 und &#8222;Beachturnier Kremsm\u00fcnster&#8220; als Kennung angeben. <\/p>\n\n\n\n<p>Vielen Dank diesen tollen Partnern!<\/p>\n\n\n\n<p>Hier findet ihr alle Infos zum Pro Turnier 2025.<br \/><strong>Anreise \/ Parken: <\/strong>Bitte am Stiftsparkplatz parken: <a href=\"https:\/\/maps.app.goo.gl\/Q47oRHTVmBMCeZod8\">https:\/\/maps.app.goo.gl\/Q47oRHTVmBMCeZod8<\/a>. Die Courts sind nur 5 min davon entfernt.<\/p>\n\n\n\n<figure class=\"wp-block-image size-large\"><img loading=\"lazy\" decoding=\"async\" width=\"1024\" height=\"576\" src=\"https:\/\/www.kremstalvolley.com\/wp-content\/uploads\/2013\/2025\/05\/Lageplan-2-1024x576.png\" alt=\"\" class=\"wp-image-5331\" srcset=\"https:\/\/www.kremstalvolley.com\/wp-content\/uploads\/2013\/2025\/05\/Lageplan-2-1024x576.png 1024w, https:\/\/www.kremstalvolley.com\/wp-content\/uploads\/2013\/2025\/05\/Lageplan-2-300x169.png 300w, https:\/\/www.kremstalvolley.com\/wp-content\/uploads\/2013\/2025\/05\/Lageplan-2-768x432.png 768w, https:\/\/www.kremstalvolley.com\/wp-content\/uploads\/2013\/2025\/05\/Lageplan-2.png 1280w\" sizes=\"auto, (max-width: 767px) 89vw, (max-width: 1000px) 54vw, (max-width: 1071px) 543px, 580px\" \/><\/figure>\n\n\n\n<p><strong>Lageplan<\/strong>:<\/p>\n\n\n\n<p><\/p>\n\n\n\n<p><strong>Spielerinfos:<\/strong><br \/>Vor dem ersten Spiel bei der Turnierleitung anmelden und Nenngeb\u00fchr begleichen!<br \/>Da ein eigener Court zum Einspielen bereit steht, ist die Zeit am Spiel-Court auf 10 Min. begrenzt.<br \/>Sieger zieht den Platz ab &#8211; Looser \u00fcbernimmt das Z\u00e4hlen. <br \/>Spielershirts werden bereitgestellt &#8211; zumindest f\u00fcr Tag 2. Tragen ist verpflichtend!<br \/>Quali findet mit 16 Teams statt. Spielbeginn: 13h am Donnerstag. <br \/>F\u00fcr \u00dcbernachtung versuchen wir ein Partner-Hotel zu gewinnen und f\u00fcr euch gute Konditionen auszuhandeln. <br \/>Am Donnerstag findet in Kremsm\u00fcnster die Mostkost statt! und am Samstag das &#8222;Move On der Blasmusik&#8220; : <a href=\"https:\/\/ooe-kremsmuenster.lj24.livecluster.siwa.at\/artikel\/einladung-zur-mostkost-kremsmuenster\">https:\/\/ooe-kremsmuenster.lj24.livecluster.siwa.at\/artikel\/einladung-zur-mostkost-kremsmuenster<\/a> <br \/>Eintritt in das nahe gelegene <strong>Stiftsbad <\/strong>ist f\u00fcr Spieler + PartnerIn kostenlos m\u00f6glich &#8211; Bitte den Sand vorher abduschen!!!<br \/>Bei Regen kann der Carport genutzt werden um die Sachen trocken zu halten. Turnsaal Mayrhof (wo die Duschen sind) kann auch genutzt werden. <\/p>\n\n\n\n<p>Spielpl\u00e4ne werden rechtzeitig online bereitgestellt und hier, sowie auf der volleynet homepage verlinkt. <\/p>\n\n\n\n<p>Bei weiteren Fragen bitte an Rainer wenden: Kontakt@kremstalvolley.com bzw. +43 664 884 30594<\/p>\n\n\n\n<p><strong>Sponsoren und Unterst\u00fctzer:<\/strong><\/p>\n\n\n\n<figure class=\"wp-block-image size-full is-resized\"><a href=\"https:\/\/logticon.at\/\"><img loading=\"lazy\" decoding=\"async\" width=\"437\" height=\"118\" src=\"https:\/\/www.kremstalvolley.com\/wp-content\/uploads\/2013\/2025\/05\/Logticon.png\" alt=\"\" class=\"wp-image-5335\" style=\"width:670px;height:auto\" srcset=\"https:\/\/www.kremstalvolley.com\/wp-content\/uploads\/2013\/2025\/05\/Logticon.png 437w, https:\/\/www.kremstalvolley.com\/wp-content\/uploads\/2013\/2025\/05\/Logticon-300x81.png 300w\" sizes=\"auto, (max-width: 437px) 100vw, 437px\" \/><\/a><\/figure>\n\n\n\n<p>Vielen Dank an <a href=\"https:\/\/logticon.at\/\">https:\/\/logticon.at\/<\/a> dass das Turnier erm\u00f6glicht wird!<br \/>Vielen Dank auch an alle Sponsoren von Kremstalvolley!<br \/>Ein Dank gilt dem <a href=\"https:\/\/www.stift-kremsmuenster.at\/\">Stift Kremsm\u00fcnster<\/a> und der Marktgemeinde Kremsm\u00fcnster, welche es uns erm\u00f6glicht haben, eine der sch\u00f6nsten Beach-Anlagen \u00d6sterreichs in diesem beeindruckenden Ambiente zu errichten.<br \/>Aber der gr\u00f6\u00dfte Dank gilt dem Team! Ohne die zahlreiche Unterst\u00fctzung der Jungen und jung Gebliebenen w\u00e4re so ein Event nicht m\u00f6glich. <\/p>\n\n\n\n<p><\/p>\n","protected":false},"excerpt":{"rendered":"<p>Update 28.5.25 12h: Qualifikation steht! Spielreihenfolge laut \u00d6VV Homepage! Vorsicht: wir ziehen durch, so schnell es geht. Sicherheitshalber etwas fr\u00fcher anwesend sein! https:\/\/docs.google.com\/spreadsheets\/d\/1Vj-pwwGnY53YaI9e_D3lGQen4L0XjLZnD6TY-GryEmg\/edit?gid=1128332557#gid=1128332557 Update 21.5.25 19h: ******** Breaking News ******* #1: Food Court: Mc. Daniels wird uns mit Burger und anderen Speisen vor Ort versorgen. #2: Hotelpartner: Das Landhotel Schicklberg bietet euch Sonderkonditionen f\u00fcr die &hellip; <\/p>\n<p class=\"link-more\"><a href=\"https:\/\/www.kremstalvolley.com\/?page_id=5325\" class=\"more-link\"><span class=\"screen-reader-text\">\u201ePro Turnier 2025 presented by LOGTICON\u201c <\/span>weiterlesen<\/a><\/p>\n","protected":false},"author":1,"featured_media":0,"parent":0,"menu_order":0,"comment_status":"closed","ping_status":"closed","template":"","meta":{"ngg_post_thumbnail":0,"footnotes":""},"class_list":["post-5325","page","type-page","status-publish","hentry"],"_links":{"self":[{"href":"https:\/\/www.kremstalvolley.com\/index.php?rest_route=\/wp\/v2\/pages\/5325","targetHints":{"allow":["GET"]}}],"collection":[{"href":"https:\/\/www.kremstalvolley.com\/index.php?rest_route=\/wp\/v2\/pages"}],"about":[{"href":"https:\/\/www.kremstalvolley.com\/index.php?rest_route=\/wp\/v2\/types\/page"}],"author":[{"embeddable":true,"href":"https:\/\/www.kremstalvolley.com\/index.php?rest_route=\/wp\/v2\/users\/1"}],"replies":[{"embeddable":true,"href":"https:\/\/www.kremstalvolley.com\/index.php?rest_route=%2Fwp%2Fv2%2Fcomments&post=5325"}],"version-history":[{"count":13,"href":"https:\/\/www.kremstalvolley.com\/index.php?rest_route=\/wp\/v2\/pages\/5325\/revisions"}],"predecessor-version":[{"id":5357,"href":"https:\/\/www.kremstalvolley.com\/index.php?rest_route=\/wp\/v2\/pages\/5325\/revisions\/5357"}],"wp:attachment":[{"href":"https:\/\/www.kremstalvolley.com\/index.php?rest_route=%2Fwp%2Fv2%2Fmedia&parent=5325"}],"curies":[{"name":"wp","href":"https:\/\/api.w.org\/{rel}","templated":true}]}}