{"id":7,"date":"2012-09-11T15:20:30","date_gmt":"2012-09-11T13:20:30","guid":{"rendered":"http:\/\/kremstalvolley.com\/\/?page_id=7"},"modified":"2026-02-08T09:26:59","modified_gmt":"2026-02-08T07:26:59","slug":"kontakt","status":"publish","type":"page","link":"https:\/\/www.kremstalvolley.com\/?page_id=7","title":{"rendered":"Kontakt"},"content":{"rendered":"<p>Am einfachsten erreicht ihr uns per Email unter <a href=\"mailto:Kontakt@kremstalvolley.com\">Kontakt@kremstalvolley<em>.<\/em>com<\/a><\/p>\n<table style=\"height: 349px;\" border=\"0\" width=\"678\" rules=\"none\">\n<tbody>\n<tr>\n<td>Sektionsleiter:<\/td>\n<td>Rainer Zwicklhuber\n<p>Tel.: 0670\/ 4098198 (NEU!)<\/p>\n<\/td>\n<\/tr>\n<tr>\n<td>Sektionsleiter Stellvertreter:<\/td>\n<td>Gerhard Bruckner<\/td>\n<\/tr>\n<tr>\n<td>Kassier:<\/td>\n<td>Stefan Amatschek<\/td>\n<\/tr>\n<tr>\n<td>Schriftf\u00fchrer:<\/td>\n<td>Claudia Zwicklhuber<\/td>\n<\/tr>\n<\/tbody>\n<\/table>\n\n\n<p>Du m\u00f6chtest \u00fcber die Kremstalvolleys informiert bleiben: \u00fcber unseren Signal Newsletter bekommst du Infos zu Terminen, Erfolgen und andere wichtige News direkt auf dein Handy: <\/p>\n\n\n\n<p><a href=\"https:\/\/bit.ly\/35iUhNO\">https:\/\/bit.ly\/35iUhNO<\/a><\/p>\n\n\n\n<figure class=\"wp-block-image size-large\"><img loading=\"lazy\" decoding=\"async\" width=\"300\" height=\"300\" src=\"https:\/\/www.kremstalvolley.com\/wp-content\/uploads\/2013\/2021\/06\/QR-Code-fuer-Signal-Gruppe-KremstalvolleyFriends-1.png\" alt=\"\" class=\"wp-image-4261\" srcset=\"https:\/\/www.kremstalvolley.com\/wp-content\/uploads\/2013\/2021\/06\/QR-Code-fuer-Signal-Gruppe-KremstalvolleyFriends-1.png 300w, https:\/\/www.kremstalvolley.com\/wp-content\/uploads\/2013\/2021\/06\/QR-Code-fuer-Signal-Gruppe-KremstalvolleyFriends-1-150x150.png 150w, https:\/\/www.kremstalvolley.com\/wp-content\/uploads\/2013\/2021\/06\/QR-Code-fuer-Signal-Gruppe-KremstalvolleyFriends-1-100x100.png 100w\" sizes=\"auto, (max-width: 300px) 100vw, 300px\" \/><\/figure>\n\n\n\n<p><\/p>\n","protected":false},"excerpt":{"rendered":"<p>Am einfachsten erreicht ihr uns per Email unter Kontakt@kremstalvolley.com Sektionsleiter: Rainer Zwicklhuber Tel.: 0670\/ 4098198 (NEU!) Sektionsleiter Stellvertreter: Gerhard Bruckner Kassier: Stefan Amatschek Schriftf\u00fchrer: Claudia Zwicklhuber Du m\u00f6chtest \u00fcber die Kremstalvolleys informiert bleiben: \u00fcber unseren Signal Newsletter bekommst du Infos zu Terminen, Erfolgen und andere wichtige News direkt auf dein Handy: https:\/\/bit.ly\/35iUhNO<\/p>\n","protected":false},"author":1,"featured_media":0,"parent":0,"menu_order":6,"comment_status":"closed","ping_status":"closed","template":"","meta":{"ngg_post_thumbnail":0,"footnotes":""},"class_list":["post-7","page","type-page","status-publish","hentry"],"_links":{"self":[{"href":"https:\/\/www.kremstalvolley.com\/index.php?rest_route=\/wp\/v2\/pages\/7","targetHints":{"allow":["GET"]}}],"collection":[{"href":"https:\/\/www.kremstalvolley.com\/index.php?rest_route=\/wp\/v2\/pages"}],"about":[{"href":"https:\/\/www.kremstalvolley.com\/index.php?rest_route=\/wp\/v2\/types\/page"}],"author":[{"embeddable":true,"href":"https:\/\/www.kremstalvolley.com\/index.php?rest_route=\/wp\/v2\/users\/1"}],"replies":[{"embeddable":true,"href":"https:\/\/www.kremstalvolley.com\/index.php?rest_route=%2Fwp%2Fv2%2Fcomments&post=7"}],"version-history":[{"count":75,"href":"https:\/\/www.kremstalvolley.com\/index.php?rest_route=\/wp\/v2\/pages\/7\/revisions"}],"predecessor-version":[{"id":5426,"href":"https:\/\/www.kremstalvolley.com\/index.php?rest_route=\/wp\/v2\/pages\/7\/revisions\/5426"}],"wp:attachment":[{"href":"https:\/\/www.kremstalvolley.com\/index.php?rest_route=%2Fwp%2Fv2%2Fmedia&parent=7"}],"curies":[{"name":"wp","href":"https:\/\/api.w.org\/{rel}","templated":true}]}}